{"id":32,"date":"2021-12-04T18:30:40","date_gmt":"2021-12-04T17:30:40","guid":{"rendered":"http:\/\/philosophiehealthy.com\/?page_id=32"},"modified":"2021-12-14T21:44:35","modified_gmt":"2021-12-14T20:44:35","slug":"contact","status":"publish","type":"page","link":"https:\/\/philosophiehealthy.com\/index.php\/contact\/","title":{"rendered":"Contact"},"content":{"rendered":"\t\t<div data-elementor-type=\"wp-page\" data-elementor-id=\"32\" class=\"elementor elementor-32\">\n\t\t\t\t\t\t<section class=\"elementor-section elementor-top-section elementor-element elementor-element-208f22b4 elementor-section-boxed elementor-section-height-default elementor-section-height-default\" data-id=\"208f22b4\" data-element_type=\"section\">\n\t\t\t\t\t\t<div class=\"elementor-container elementor-column-gap-default\">\n\t\t\t\t\t<div class=\"elementor-column elementor-col-100 elementor-top-column elementor-element elementor-element-711dfc6c\" data-id=\"711dfc6c\" data-element_type=\"column\">\n\t\t\t<div class=\"elementor-widget-wrap elementor-element-populated\">\n\t\t\t\t\t\t<div class=\"elementor-element elementor-element-6b07aaa2 elementor-widget elementor-widget-text-editor\" data-id=\"6b07aaa2\" data-element_type=\"widget\" data-widget_type=\"text-editor.default\">\n\t\t\t\t<div class=\"elementor-widget-container\">\n\t\t\t\t\t\t\t\t\t<p>Des questions sur un s\u00e9jour yoga?<br>Une organisation d&rsquo;EVJF, d&rsquo;anniversaire, un cours priv\u00e9 ou un atelier bien-\u00eatre?<br>Vous souhaitez offrir une Exp\u00e9rience Yoga en cadeau, la personnaliser?<br>Demande de collaborations?<br>Ou tout autre demande?&nbsp;<\/p><p><br><\/p>\n<h2><a href=\"https:\/\/us4.list-manage.com\/contact-form?u=be6471d6fc920d7f44bbf1569&amp;form_id=e8de71a9cbf015c732af2a5e9898348e\">CONTACTEZ MOI DIRECTEMENT ICI<\/a> en remplissant le formulaire de contact<\/h2>\n<p><a href=\"https:\/\/wa.me\/33669969027\">Ou Contactez moi directement sur Whatsapp ICI<\/a><\/p>\n<p><a href=\"https:\/\/wa.me\/33669969027\"><br><\/a><br><img fetchpriority=\"high\" decoding=\"async\" src=\"https:\/\/i0.wp.com\/philosophiehealthy.com\/wp-content\/uploads\/2021\/12\/madrid-2137380_1920.jpg?resize=768%2C1152&#038;ssl=1\" sizes=\"(max-width: 768px) 100vw, 768px\" srcset=\"https:\/\/i0.wp.com\/philosophiehealthy.com\/wp-content\/uploads\/2021\/12\/madrid-2137380_1920.jpg?resize=768%2C1152&amp;ssl=1 768w, https:\/\/i0.wp.com\/philosophiehealthy.com\/wp-content\/uploads\/2021\/12\/madrid-2137380_1920.jpg?resize=200%2C300&amp;ssl=1 200w, https:\/\/i0.wp.com\/philosophiehealthy.com\/wp-content\/uploads\/2021\/12\/madrid-2137380_1920.jpg?resize=683%2C1024&amp;ssl=1 683w, https:\/\/i0.wp.com\/philosophiehealthy.com\/wp-content\/uploads\/2021\/12\/madrid-2137380_1920.jpg?resize=1024%2C1536&amp;ssl=1 1024w, https:\/\/i0.wp.com\/philosophiehealthy.com\/wp-content\/uploads\/2021\/12\/madrid-2137380_1920.jpg?resize=600%2C900&amp;ssl=1 600w, https:\/\/i0.wp.com\/philosophiehealthy.com\/wp-content\/uploads\/2021\/12\/madrid-2137380_1920.jpg?w=1280&amp;ssl=1 1280w\" alt=\"\" width=\"768\" height=\"1152\"  data-recalc-dims=\"1\"><\/p>\n<p><\/p>\t\t\t\t\t\t\t\t<\/div>\n\t\t\t\t<\/div>\n\t\t\t\t\t<\/div>\n\t\t<\/div>\n\t\t\t\t\t<\/div>\n\t\t<\/section>\n\t\t\t\t<\/div>\n\t\t","protected":false},"excerpt":{"rendered":"<p>Des questions sur un s\u00e9jour yoga?Une organisation d&rsquo;EVJF, d&rsquo;anniversaire, un cours priv\u00e9 ou un atelier &hellip; <\/p>\n","protected":false},"author":1,"featured_media":0,"parent":0,"menu_order":0,"comment_status":"closed","ping_status":"closed","template":"","meta":{"footnotes":""},"jetpack_sharing_enabled":true,"jetpack-related-posts":[],"_links":{"self":[{"href":"https:\/\/philosophiehealthy.com\/index.php\/wp-json\/wp\/v2\/pages\/32"}],"collection":[{"href":"https:\/\/philosophiehealthy.com\/index.php\/wp-json\/wp\/v2\/pages"}],"about":[{"href":"https:\/\/philosophiehealthy.com\/index.php\/wp-json\/wp\/v2\/types\/page"}],"author":[{"embeddable":true,"href":"https:\/\/philosophiehealthy.com\/index.php\/wp-json\/wp\/v2\/users\/1"}],"replies":[{"embeddable":true,"href":"https:\/\/philosophiehealthy.com\/index.php\/wp-json\/wp\/v2\/comments?post=32"}],"version-history":[{"count":56,"href":"https:\/\/philosophiehealthy.com\/index.php\/wp-json\/wp\/v2\/pages\/32\/revisions"}],"predecessor-version":[{"id":727,"href":"https:\/\/philosophiehealthy.com\/index.php\/wp-json\/wp\/v2\/pages\/32\/revisions\/727"}],"wp:attachment":[{"href":"https:\/\/philosophiehealthy.com\/index.php\/wp-json\/wp\/v2\/media?parent=32"}],"curies":[{"name":"wp","href":"https:\/\/api.w.org\/{rel}","templated":true}]}}