{"id":3362,"date":"2024-12-05T17:53:33","date_gmt":"2024-12-05T16:53:33","guid":{"rendered":"https:\/\/philosophiehealthy.com\/?page_id=3362"},"modified":"2025-11-19T18:12:17","modified_gmt":"2025-11-19T17:12:17","slug":"box-cadeau-pour-noel","status":"publish","type":"page","link":"https:\/\/philosophiehealthy.com\/index.php\/box-cadeau-pour-noel\/","title":{"rendered":"Box Cadeau pour No\u00ebl \ud83c\udf81"},"content":{"rendered":"\t\t<div data-elementor-type=\"wp-page\" data-elementor-id=\"3362\" class=\"elementor elementor-3362\">\n\t\t\t\t\t\t<section class=\"elementor-section elementor-top-section elementor-element elementor-element-3d8f8f16 elementor-section-boxed elementor-section-height-default elementor-section-height-default\" data-id=\"3d8f8f16\" data-element_type=\"section\">\n\t\t\t\t\t\t<div class=\"elementor-container elementor-column-gap-default\">\n\t\t\t\t\t<div class=\"elementor-column elementor-col-100 elementor-top-column elementor-element elementor-element-70a5e8e3\" data-id=\"70a5e8e3\" data-element_type=\"column\">\n\t\t\t<div class=\"elementor-widget-wrap elementor-element-populated\">\n\t\t\t\t\t\t<div class=\"elementor-element elementor-element-7f13f09d elementor-widget elementor-widget-text-editor\" data-id=\"7f13f09d\" data-element_type=\"widget\" data-widget_type=\"text-editor.default\">\n\t\t\t\t<div class=\"elementor-widget-container\">\n\t\t\t\t\t\t\t\t\t<p><\/p>\n<figure class=\"wp-block-image size-large\"><img fetchpriority=\"high\" decoding=\"async\" width=\"1280\" height=\"848\" class=\"wp-image-3363\" src=\"https:\/\/i0.wp.com\/philosophiehealthy.com\/wp-content\/uploads\/2024\/12\/christmas-6832802_1280.jpg?resize=825%2C546&#038;ssl=1\" alt=\"\" data-recalc-dims=\"1\" srcset=\"https:\/\/i0.wp.com\/philosophiehealthy.com\/wp-content\/uploads\/2024\/12\/christmas-6832802_1280.jpg?w=1280&amp;ssl=1 1280w, https:\/\/i0.wp.com\/philosophiehealthy.com\/wp-content\/uploads\/2024\/12\/christmas-6832802_1280.jpg?resize=300%2C199&amp;ssl=1 300w, https:\/\/i0.wp.com\/philosophiehealthy.com\/wp-content\/uploads\/2024\/12\/christmas-6832802_1280.jpg?resize=1024%2C678&amp;ssl=1 1024w, https:\/\/i0.wp.com\/philosophiehealthy.com\/wp-content\/uploads\/2024\/12\/christmas-6832802_1280.jpg?resize=768%2C509&amp;ssl=1 768w, https:\/\/i0.wp.com\/philosophiehealthy.com\/wp-content\/uploads\/2024\/12\/christmas-6832802_1280.jpg?resize=600%2C398&amp;ssl=1 600w\" sizes=\"(max-width: 825px) 100vw, 825px\" \/><\/figure>\n<p><\/p>\n<p>Une id\u00e9e originale \u00e0 glisser sous le sapin !<\/p>\t\t\t\t\t\t\t\t<\/div>\n\t\t\t\t<\/div>\n\t\t\t\t\t<\/div>\n\t\t<\/div>\n\t\t\t\t\t<\/div>\n\t\t<\/section>\n\t\t\t\t<section class=\"elementor-section elementor-top-section elementor-element elementor-element-ad26707 elementor-section-boxed elementor-section-height-default elementor-section-height-default\" data-id=\"ad26707\" data-element_type=\"section\">\n\t\t\t\t\t\t<div class=\"elementor-container elementor-column-gap-default\">\n\t\t\t\t\t<div class=\"elementor-column elementor-col-100 elementor-top-column elementor-element elementor-element-2738356\" data-id=\"2738356\" data-element_type=\"column\">\n\t\t\t<div class=\"elementor-widget-wrap elementor-element-populated\">\n\t\t\t\t\t\t<div class=\"elementor-element elementor-element-36eb9e8 elementor-widget elementor-widget-heading\" data-id=\"36eb9e8\" data-element_type=\"widget\" data-widget_type=\"heading.default\">\n\t\t\t\t<div class=\"elementor-widget-container\">\n\t\t\t\t\t<h2 class=\"elementor-heading-title elementor-size-default\">OFFREZ DU BIEN-\u00caTRE POUR NO\u00cbL<\/h2>\t\t\t\t<\/div>\n\t\t\t\t<\/div>\n\t\t\t\t\t<\/div>\n\t\t<\/div>\n\t\t\t\t\t<\/div>\n\t\t<\/section>\n\t\t\t\t<section class=\"elementor-section elementor-top-section elementor-element elementor-element-20e3ee8 elementor-section-boxed elementor-section-height-default elementor-section-height-default\" data-id=\"20e3ee8\" data-element_type=\"section\">\n\t\t\t\t\t\t<div class=\"elementor-container elementor-column-gap-default\">\n\t\t\t\t\t<div class=\"elementor-column elementor-col-100 elementor-top-column elementor-element elementor-element-26b4c0b\" data-id=\"26b4c0b\" data-element_type=\"column\">\n\t\t\t<div class=\"elementor-widget-wrap elementor-element-populated\">\n\t\t\t\t\t\t<div class=\"elementor-element elementor-element-a939c01 elementor-widget elementor-widget-text-editor\" data-id=\"a939c01\" data-element_type=\"widget\" data-widget_type=\"text-editor.default\">\n\t\t\t\t<div class=\"elementor-widget-container\">\n\t\t\t\t\t\t\t\t\t<p>Une jolie bo\u00eete cadeau avec du th\u00e9 bio, du sel de bain, un b\u00e2ton de fumigation (smudge stick) pour la maison et des friandises, accompagn\u00e9s du cadeau \u00ab\u00a0yoga\u00a0\u00bb de votre choix, que vous ou la personne g\u00e2t\u00e9e pourra choisir parmi les diff\u00e9rentes options ci-dessous:<\/p>\n<p><strong>\u00a0<\/strong><\/p>\n<p><span style=\"font-size: 20.0016px;\"><b>MOMENT POUR SOI ( 1 cours de yoga priv\u00e9 suivi d&rsquo;un massage tha\u00ef doux\u00a0<\/b><\/span><b style=\"font-size: 20.0016px;\">de 45min )<\/b><\/p>\n<p><b style=\"font-size: 1.1112em;\">2 COURS PRIV\u00c9S (Chez moi ou \u00e0 votre domicile &#8211; LR)<\/b><\/p>\n<p><b>Un Bon Cadeau de 100<span style=\"font-size: 20.0016px; text-align: start;\">\u20ac<\/span><span style=\"font-size: 20.0016px; text-align: start;\">\u00a0<\/span><span style=\"font-size: 1.1112em;\">\u00e0 valoir sur une retraite yoga\u00a0<\/span><span style=\"font-size: 1.1112em;\">en 2026<\/span><\/b><\/p>\n<p><b><span style=\"font-size: 1.1112em;\">\u00a0<\/span><\/b><\/p>\n<p><span style=\"font-size: 1.1112em;\">~ La Box est \u00e0 85<\/span><i style=\"font-size: 20.0016px;\"><span style=\"font-size: 20.0016px; text-align: start;\">\u20ac ~<\/span><\/i><\/p>\n<p><span style=\"font-size: 1.1112em;\">\u00a0<\/span><\/p>\n<p>\u00a0<\/p>\n<p><u><i>INFOS COMPL\u00c9MENTAIRES :<\/i><\/u><\/p>\n<p><i>6 Box Cadeaux disponibles seulement<\/i><\/p>\n<p><i>Remise en main propre sur La Rochelle ou envoi par Collissimo ou Mondial Relay pour l&rsquo;Europe (+x<span style=\"font-size: 20.0016px; text-align: start;\">\u20ac<\/span><span style=\"font-size: 1.1112em;\">)<\/span><\/i><\/p>\n<p>\u00a0<\/p>\t\t\t\t\t\t\t\t<\/div>\n\t\t\t\t<\/div>\n\t\t\t\t\t<\/div>\n\t\t<\/div>\n\t\t\t\t\t<\/div>\n\t\t<\/section>\n\t\t\t\t<section class=\"elementor-section elementor-top-section elementor-element elementor-element-ece3d5a elementor-section-boxed elementor-section-height-default elementor-section-height-default\" data-id=\"ece3d5a\" data-element_type=\"section\">\n\t\t\t\t\t\t<div class=\"elementor-container elementor-column-gap-default\">\n\t\t\t\t\t<div class=\"elementor-column elementor-col-100 elementor-top-column elementor-element elementor-element-4755a31\" data-id=\"4755a31\" data-element_type=\"column\">\n\t\t\t<div class=\"elementor-widget-wrap elementor-element-populated\">\n\t\t\t\t\t\t<div class=\"elementor-element elementor-element-4c598f5 elementor-widget elementor-widget-text-editor\" data-id=\"4c598f5\" data-element_type=\"widget\" data-widget_type=\"text-editor.default\">\n\t\t\t\t<div class=\"elementor-widget-container\">\n\t\t\t\t\t\t\t\t\t<p>Pour commander votre Box cadeau de No\u00ebl, envoyez-moi un message ici avec votre pr\u00e9f\u00e9rence si d\u00e9j\u00e0 choisie, et votre mode de livraison \u00a0(ou sur contact@philosophiehealthy.com)<\/p>\t\t\t\t\t\t\t\t<\/div>\n\t\t\t\t<\/div>\n\t\t\t\t<div class=\"elementor-element elementor-element-0513c95 elementor-align-center elementor-widget elementor-widget-button\" data-id=\"0513c95\" data-element_type=\"widget\" data-widget_type=\"button.default\">\n\t\t\t\t<div class=\"elementor-widget-container\">\n\t\t\t\t\t\t\t\t\t<div class=\"elementor-button-wrapper\">\n\t\t\t\t\t<a class=\"elementor-button elementor-button-link elementor-size-sm\" href=\"https:\/\/wa.me\/33669969027\">\n\t\t\t\t\t\t<span class=\"elementor-button-content-wrapper\">\n\t\t\t\t\t\t\t\t\t<span class=\"elementor-button-text\">Mon Whatsapp<\/span>\n\t\t\t\t\t<\/span>\n\t\t\t\t\t<\/a>\n\t\t\t\t<\/div>\n\t\t\t\t\t\t\t\t<\/div>\n\t\t\t\t<\/div>\n\t\t\t\t\t<\/div>\n\t\t<\/div>\n\t\t\t\t\t<\/div>\n\t\t<\/section>\n\t\t\t\t<section class=\"elementor-section elementor-top-section elementor-element elementor-element-ec96fcb elementor-section-boxed elementor-section-height-default elementor-section-height-default\" data-id=\"ec96fcb\" data-element_type=\"section\">\n\t\t\t\t\t\t<div class=\"elementor-container elementor-column-gap-default\">\n\t\t\t\t\t<div class=\"elementor-column elementor-col-50 elementor-top-column elementor-element elementor-element-4ee7a25\" data-id=\"4ee7a25\" data-element_type=\"column\">\n\t\t\t<div class=\"elementor-widget-wrap elementor-element-populated\">\n\t\t\t\t\t\t<div class=\"elementor-element elementor-element-45915b7 elementor-widget elementor-widget-image\" data-id=\"45915b7\" data-element_type=\"widget\" data-widget_type=\"image.default\">\n\t\t\t\t<div class=\"elementor-widget-container\">\n\t\t\t\t\t\t\t\t\t\t\t\t\t\t\t<img decoding=\"async\" src=\"https:\/\/i0.wp.com\/philosophiehealthy.com\/wp-content\/uploads\/2025\/11\/IMG_4433.heic?fit=1024%2C1024&amp;ssl=1\" class=\"attachment-large size-large wp-image-4526\" alt=\"\" \/>\t\t\t\t\t\t\t\t\t\t\t\t\t\t\t<\/div>\n\t\t\t\t<\/div>\n\t\t\t\t\t<\/div>\n\t\t<\/div>\n\t\t\t\t<div class=\"elementor-column elementor-col-50 elementor-top-column elementor-element elementor-element-c330650\" data-id=\"c330650\" data-element_type=\"column\">\n\t\t\t<div class=\"elementor-widget-wrap elementor-element-populated\">\n\t\t\t\t\t\t<div class=\"elementor-element elementor-element-7c064c3 elementor-widget elementor-widget-image\" data-id=\"7c064c3\" data-element_type=\"widget\" data-widget_type=\"image.default\">\n\t\t\t\t<div class=\"elementor-widget-container\">\n\t\t\t\t\t\t\t\t\t\t\t\t\t\t\t<img decoding=\"async\" width=\"768\" height=\"1024\" src=\"https:\/\/i0.wp.com\/philosophiehealthy.com\/wp-content\/uploads\/2025\/11\/IMG_3286-scaled.jpg?fit=768%2C1024&amp;ssl=1\" class=\"attachment-medium_large size-medium_large wp-image-4527\" alt=\"\" srcset=\"https:\/\/i0.wp.com\/philosophiehealthy.com\/wp-content\/uploads\/2025\/11\/IMG_3286-scaled.jpg?w=1920&amp;ssl=1 1920w, https:\/\/i0.wp.com\/philosophiehealthy.com\/wp-content\/uploads\/2025\/11\/IMG_3286-scaled.jpg?resize=225%2C300&amp;ssl=1 225w, https:\/\/i0.wp.com\/philosophiehealthy.com\/wp-content\/uploads\/2025\/11\/IMG_3286-scaled.jpg?resize=768%2C1024&amp;ssl=1 768w, https:\/\/i0.wp.com\/philosophiehealthy.com\/wp-content\/uploads\/2025\/11\/IMG_3286-scaled.jpg?resize=1152%2C1536&amp;ssl=1 1152w, https:\/\/i0.wp.com\/philosophiehealthy.com\/wp-content\/uploads\/2025\/11\/IMG_3286-scaled.jpg?resize=1536%2C2048&amp;ssl=1 1536w, https:\/\/i0.wp.com\/philosophiehealthy.com\/wp-content\/uploads\/2025\/11\/IMG_3286-scaled.jpg?resize=600%2C800&amp;ssl=1 600w, https:\/\/i0.wp.com\/philosophiehealthy.com\/wp-content\/uploads\/2025\/11\/IMG_3286-scaled.jpg?w=1650&amp;ssl=1 1650w\" sizes=\"(max-width: 768px) 100vw, 768px\" \/>\t\t\t\t\t\t\t\t\t\t\t\t\t\t\t<\/div>\n\t\t\t\t<\/div>\n\t\t\t\t\t<\/div>\n\t\t<\/div>\n\t\t\t\t\t<\/div>\n\t\t<\/section>\n\t\t\t\t<section class=\"elementor-section elementor-top-section elementor-element elementor-element-0bcc12c elementor-section-boxed elementor-section-height-default elementor-section-height-default\" data-id=\"0bcc12c\" data-element_type=\"section\">\n\t\t\t\t\t\t<div class=\"elementor-container elementor-column-gap-default\">\n\t\t\t\t\t<div class=\"elementor-column elementor-col-100 elementor-top-column elementor-element elementor-element-5009b21\" data-id=\"5009b21\" data-element_type=\"column\">\n\t\t\t<div class=\"elementor-widget-wrap elementor-element-populated\">\n\t\t\t\t\t\t<div class=\"elementor-element elementor-element-bd4b8b4 elementor-widget elementor-widget-image\" data-id=\"bd4b8b4\" data-element_type=\"widget\" data-widget_type=\"image.default\">\n\t\t\t\t<div class=\"elementor-widget-container\">\n\t\t\t\t\t\t\t\t\t\t\t\t\t\t\t<img decoding=\"async\" src=\"https:\/\/i0.wp.com\/philosophiehealthy.com\/wp-content\/uploads\/2025\/11\/IMG_3868.heic?w=768&amp;ssl=1\" class=\"attachment-medium_large size-medium_large wp-image-4522\" alt=\"\" \/>\t\t\t\t\t\t\t\t\t\t\t\t\t\t\t<\/div>\n\t\t\t\t<\/div>\n\t\t\t\t\t<\/div>\n\t\t<\/div>\n\t\t\t\t\t<\/div>\n\t\t<\/section>\n\t\t\t\t<\/div>\n\t\t","protected":false},"excerpt":{"rendered":"<p>Une id\u00e9e originale \u00e0 glisser sous le sapin ! OFFREZ DU BIEN-\u00caTRE POUR NO\u00cbL Une &hellip; <\/p>\n","protected":false},"author":1,"featured_media":0,"parent":0,"menu_order":0,"comment_status":"closed","ping_status":"closed","template":"","meta":{"footnotes":""},"jetpack_sharing_enabled":true,"jetpack-related-posts":[],"_links":{"self":[{"href":"https:\/\/philosophiehealthy.com\/index.php\/wp-json\/wp\/v2\/pages\/3362"}],"collection":[{"href":"https:\/\/philosophiehealthy.com\/index.php\/wp-json\/wp\/v2\/pages"}],"about":[{"href":"https:\/\/philosophiehealthy.com\/index.php\/wp-json\/wp\/v2\/types\/page"}],"author":[{"embeddable":true,"href":"https:\/\/philosophiehealthy.com\/index.php\/wp-json\/wp\/v2\/users\/1"}],"replies":[{"embeddable":true,"href":"https:\/\/philosophiehealthy.com\/index.php\/wp-json\/wp\/v2\/comments?post=3362"}],"version-history":[{"count":47,"href":"https:\/\/philosophiehealthy.com\/index.php\/wp-json\/wp\/v2\/pages\/3362\/revisions"}],"predecessor-version":[{"id":4533,"href":"https:\/\/philosophiehealthy.com\/index.php\/wp-json\/wp\/v2\/pages\/3362\/revisions\/4533"}],"wp:attachment":[{"href":"https:\/\/philosophiehealthy.com\/index.php\/wp-json\/wp\/v2\/media?parent=3362"}],"curies":[{"name":"wp","href":"https:\/\/api.w.org\/{rel}","templated":true}]}}