{"id":3375,"date":"2024-12-05T18:10:31","date_gmt":"2024-12-05T17:10:31","guid":{"rendered":"https:\/\/philosophiehealthy.com\/?page_id=3375"},"modified":"2025-03-07T17:33:29","modified_gmt":"2025-03-07T16:33:29","slug":"cours-de-yoga-la-rochelle-prive","status":"publish","type":"page","link":"https:\/\/philosophiehealthy.com\/index.php\/cours-de-yoga-la-rochelle-prive\/","title":{"rendered":"Cours de Yoga La Rochelle &#8211; Priv\u00e9"},"content":{"rendered":"\t\t<div data-elementor-type=\"wp-page\" data-elementor-id=\"3375\" class=\"elementor elementor-3375\">\n\t\t\t\t\t\t<section class=\"elementor-section elementor-top-section elementor-element elementor-element-4ab8395 elementor-section-boxed elementor-section-height-default elementor-section-height-default\" data-id=\"4ab8395\" data-element_type=\"section\">\n\t\t\t\t\t\t<div class=\"elementor-container elementor-column-gap-default\">\n\t\t\t\t\t<div class=\"elementor-column elementor-col-100 elementor-top-column elementor-element elementor-element-d2dbb9b\" data-id=\"d2dbb9b\" data-element_type=\"column\">\n\t\t\t<div class=\"elementor-widget-wrap elementor-element-populated\">\n\t\t\t\t\t\t<div class=\"elementor-element elementor-element-07b3d5e elementor-widget elementor-widget-image\" data-id=\"07b3d5e\" data-element_type=\"widget\" data-widget_type=\"image.default\">\n\t\t\t\t<div class=\"elementor-widget-container\">\n\t\t\t\t\t\t\t\t\t\t\t\t\t\t\t<img fetchpriority=\"high\" decoding=\"async\" width=\"768\" height=\"768\" src=\"https:\/\/i0.wp.com\/philosophiehealthy.com\/wp-content\/uploads\/2025\/01\/Cours-Collectifs-2.png?fit=768%2C768&amp;ssl=1\" class=\"attachment-medium_large size-medium_large wp-image-3496\" alt=\"\" srcset=\"https:\/\/i0.wp.com\/philosophiehealthy.com\/wp-content\/uploads\/2025\/01\/Cours-Collectifs-2.png?w=1080&amp;ssl=1 1080w, https:\/\/i0.wp.com\/philosophiehealthy.com\/wp-content\/uploads\/2025\/01\/Cours-Collectifs-2.png?resize=300%2C300&amp;ssl=1 300w, https:\/\/i0.wp.com\/philosophiehealthy.com\/wp-content\/uploads\/2025\/01\/Cours-Collectifs-2.png?resize=1024%2C1024&amp;ssl=1 1024w, https:\/\/i0.wp.com\/philosophiehealthy.com\/wp-content\/uploads\/2025\/01\/Cours-Collectifs-2.png?resize=150%2C150&amp;ssl=1 150w, https:\/\/i0.wp.com\/philosophiehealthy.com\/wp-content\/uploads\/2025\/01\/Cours-Collectifs-2.png?resize=768%2C768&amp;ssl=1 768w, https:\/\/i0.wp.com\/philosophiehealthy.com\/wp-content\/uploads\/2025\/01\/Cours-Collectifs-2.png?resize=600%2C600&amp;ssl=1 600w, https:\/\/i0.wp.com\/philosophiehealthy.com\/wp-content\/uploads\/2025\/01\/Cours-Collectifs-2.png?resize=100%2C100&amp;ssl=1 100w\" sizes=\"(max-width: 768px) 100vw, 768px\" \/>\t\t\t\t\t\t\t\t\t\t\t\t\t\t\t<\/div>\n\t\t\t\t<\/div>\n\t\t\t\t\t<\/div>\n\t\t<\/div>\n\t\t\t\t\t<\/div>\n\t\t<\/section>\n\t\t\t\t<section class=\"elementor-section elementor-top-section elementor-element elementor-element-0fff7d2 elementor-section-boxed elementor-section-height-default elementor-section-height-default\" data-id=\"0fff7d2\" data-element_type=\"section\">\n\t\t\t\t\t\t<div class=\"elementor-container elementor-column-gap-default\">\n\t\t\t\t\t<div class=\"elementor-column elementor-col-100 elementor-top-column elementor-element elementor-element-8b4eca3\" data-id=\"8b4eca3\" data-element_type=\"column\">\n\t\t\t<div class=\"elementor-widget-wrap elementor-element-populated\">\n\t\t\t\t\t\t<div class=\"elementor-element elementor-element-67e8a71 elementor-widget elementor-widget-text-editor\" data-id=\"67e8a71\" data-element_type=\"widget\" data-widget_type=\"text-editor.default\">\n\t\t\t\t<div class=\"elementor-widget-container\">\n\t\t\t\t\t\t\t\t\t<p>Cours de Yoga priv\u00e9 d&rsquo;1h pour 1 personne<\/p>\n<p>45\u20ac \u00e0 mon domicile \/ 55\u20ac \u00e0 votre domicile<\/p>\n<p>(+10\u20ac par pers. suppl\u00e9mentaire)<\/p>\n<p><\/p>\t\t\t\t\t\t\t\t<\/div>\n\t\t\t\t<\/div>\n\t\t\t\t\t<\/div>\n\t\t<\/div>\n\t\t\t\t\t<\/div>\n\t\t<\/section>\n\t\t\t\t<section class=\"elementor-section elementor-top-section elementor-element elementor-element-4275c1f elementor-section-boxed elementor-section-height-default elementor-section-height-default\" data-id=\"4275c1f\" data-element_type=\"section\">\n\t\t\t\t\t\t<div class=\"elementor-container elementor-column-gap-default\">\n\t\t\t\t\t<div class=\"elementor-column elementor-col-100 elementor-top-column elementor-element elementor-element-b818e77\" data-id=\"b818e77\" data-element_type=\"column\">\n\t\t\t<div class=\"elementor-widget-wrap elementor-element-populated\">\n\t\t\t\t\t\t<div class=\"elementor-element elementor-element-bea9e84 elementor-widget elementor-widget-text-editor\" data-id=\"bea9e84\" data-element_type=\"widget\" data-widget_type=\"text-editor.default\">\n\t\t\t\t<div class=\"elementor-widget-container\">\n\t\t\t\t\t\t\t\t\t<p>OFFRE DE 5 COURS PRIV\u00c9S<\/p><p>195\u20ac<span style=\"font-size: 20.0016px;\">\u00a0\u00e0 mon domicile \/ 245\u20ac \u00e0 votre domicile<\/span><\/p>\t\t\t\t\t\t\t\t<\/div>\n\t\t\t\t<\/div>\n\t\t\t\t<div class=\"elementor-element elementor-element-ec356d7 elementor-widget elementor-widget-text-editor\" data-id=\"ec356d7\" data-element_type=\"widget\" data-widget_type=\"text-editor.default\">\n\t\t\t\t<div class=\"elementor-widget-container\">\n\t\t\t\t\t\t\t\t\t<p>OFFRE DE 5 COURS EN LIGNE<\/p><p>175\u20ac (Pour 1 ou plusieurs personnes)<\/p>\t\t\t\t\t\t\t\t<\/div>\n\t\t\t\t<\/div>\n\t\t\t\t\t<\/div>\n\t\t<\/div>\n\t\t\t\t\t<\/div>\n\t\t<\/section>\n\t\t\t\t<section class=\"elementor-section elementor-top-section elementor-element elementor-element-a6df06c elementor-section-boxed elementor-section-height-default elementor-section-height-default\" data-id=\"a6df06c\" data-element_type=\"section\">\n\t\t\t\t\t\t<div class=\"elementor-container elementor-column-gap-default\">\n\t\t\t\t\t<div class=\"elementor-column elementor-col-100 elementor-top-column elementor-element elementor-element-e9b1585\" data-id=\"e9b1585\" data-element_type=\"column\">\n\t\t\t<div class=\"elementor-widget-wrap elementor-element-populated\">\n\t\t\t\t\t\t<div class=\"elementor-element elementor-element-9241f17 elementor-widget elementor-widget-image\" data-id=\"9241f17\" data-element_type=\"widget\" data-widget_type=\"image.default\">\n\t\t\t\t<div class=\"elementor-widget-container\">\n\t\t\t\t\t\t\t\t\t\t\t\t\t\t\t<img decoding=\"async\" width=\"768\" height=\"768\" src=\"https:\/\/i0.wp.com\/philosophiehealthy.com\/wp-content\/uploads\/2025\/01\/Cours-Collectifs-4.png?fit=768%2C768&amp;ssl=1\" class=\"attachment-medium_large size-medium_large wp-image-3499\" alt=\"\" srcset=\"https:\/\/i0.wp.com\/philosophiehealthy.com\/wp-content\/uploads\/2025\/01\/Cours-Collectifs-4.png?w=1080&amp;ssl=1 1080w, https:\/\/i0.wp.com\/philosophiehealthy.com\/wp-content\/uploads\/2025\/01\/Cours-Collectifs-4.png?resize=300%2C300&amp;ssl=1 300w, https:\/\/i0.wp.com\/philosophiehealthy.com\/wp-content\/uploads\/2025\/01\/Cours-Collectifs-4.png?resize=1024%2C1024&amp;ssl=1 1024w, https:\/\/i0.wp.com\/philosophiehealthy.com\/wp-content\/uploads\/2025\/01\/Cours-Collectifs-4.png?resize=150%2C150&amp;ssl=1 150w, https:\/\/i0.wp.com\/philosophiehealthy.com\/wp-content\/uploads\/2025\/01\/Cours-Collectifs-4.png?resize=768%2C768&amp;ssl=1 768w, https:\/\/i0.wp.com\/philosophiehealthy.com\/wp-content\/uploads\/2025\/01\/Cours-Collectifs-4.png?resize=600%2C600&amp;ssl=1 600w, https:\/\/i0.wp.com\/philosophiehealthy.com\/wp-content\/uploads\/2025\/01\/Cours-Collectifs-4.png?resize=100%2C100&amp;ssl=1 100w\" sizes=\"(max-width: 768px) 100vw, 768px\" \/>\t\t\t\t\t\t\t\t\t\t\t\t\t\t\t<\/div>\n\t\t\t\t<\/div>\n\t\t\t\t\t<\/div>\n\t\t<\/div>\n\t\t\t\t\t<\/div>\n\t\t<\/section>\n\t\t\t\t<section class=\"elementor-section elementor-top-section elementor-element elementor-element-9d40d88 elementor-section-boxed elementor-section-height-default elementor-section-height-default\" data-id=\"9d40d88\" data-element_type=\"section\">\n\t\t\t\t\t\t<div class=\"elementor-container elementor-column-gap-default\">\n\t\t\t\t\t<div class=\"elementor-column elementor-col-100 elementor-top-column elementor-element elementor-element-c727004\" data-id=\"c727004\" data-element_type=\"column\">\n\t\t\t<div class=\"elementor-widget-wrap elementor-element-populated\">\n\t\t\t\t\t\t<div class=\"elementor-element elementor-element-29e2c9b elementor-widget elementor-widget-text-editor\" data-id=\"29e2c9b\" data-element_type=\"widget\" data-widget_type=\"text-editor.default\">\n\t\t\t\t<div class=\"elementor-widget-container\">\n\t\t\t\t\t\t\t\t\t<p><strong>OFFREZ VOUS UN MOMENT DE BIEN-\u00caTRE<\/strong><\/p><p>Cours de Yoga Priv\u00e9 (1h15)<\/p><p>+ Massage Tha\u00ef (45 min)<\/p><p>+ Infusion, Partage, Petites douceurs<\/p><p>85\u20ac les 2h\/2h30<\/p><p>\u00a0<\/p><p>QU&rsquo;EST CE QUE LE MASSAGE THA\u00cfLANDAIS?<\/p><p>Le massage Tha\u00eflandais Nuad Bo Rarn, le tha\u00ef yoga massage comme je l&rsquo;appelle est une sorte de danse synchronis\u00e9e en duo mis au point par les disciples d&rsquo;un bouddhiste indien nomm\u00e9 Shivago Komarpaj venu faire un voyage en Tha\u00eflande. Les pratiques de ce massage ont \u00e9t\u00e9s tir\u00e9es du shiatsu Japonais, du Tao\u00efme ainsi que du Yoga, il peut autant servir pour la pr\u00e9vention que pour la gu\u00e9rison des maladies.<\/p><p>La personne qui re\u00e7oit le massage est habill\u00e9e de v\u00eatements confortables et son corps est couch\u00e9 sur des matelas sur le sol, avant de d\u00e9buter la s\u00e9ance de massage, le praticien passe par une phase de m\u00e9ditation afin d&rsquo;obtenir une meilleur harmonie avec son corps et celui de la personne \u00e0 traiter.<\/p><p>Ensuite selon un ordre pr\u00e9cis des pieds jusqu&rsquo;\u00e0 la t\u00eate en passant par les zones r\u00e9flexes, le praticien malaxe, exerce des pressions \u00e0 l&rsquo;aide des mains, en vue d&rsquo;optimiser la circulation lymphatique.<\/p><p>Certains mouvements effectu\u00e9s avec cette m\u00e9thode de massage sont associ\u00e9s \u00e0 des postures de Yoga, le Nuad Bo Rarn est une th\u00e9rapie destin\u00e9e \u00e0 relaxer les muscles tout en aidant la personne \u00e0 mieux vivre dans sa peau. L&rsquo;effet de son application est avant tout un rel\u00e2chement des tensions physiques et psychiques. Le patient pourra se sentir apais\u00e9 du stress pour se retrouver l\u00e9ger et dynamique. Ce massage aide \u00e9galement le m\u00e9tabolisme \u00e0 retrouver toute son \u00e9nergie ainsi qu&rsquo;\u00e0 am\u00e9liorer la circulation sanguine et le fonctionnement du coeur.<\/p><p>Envoyez un message directement ici si vous avez des questions, pour r\u00e9server ou vous pouvez \u00e9galement utiliser le calendrier ci dessous:<\/p>\t\t\t\t\t\t\t\t<\/div>\n\t\t\t\t<\/div>\n\t\t\t\t<div class=\"elementor-element elementor-element-1137a69 elementor-align-center elementor-widget elementor-widget-button\" data-id=\"1137a69\" data-element_type=\"widget\" data-widget_type=\"button.default\">\n\t\t\t\t<div class=\"elementor-widget-container\">\n\t\t\t\t\t\t\t\t\t<div class=\"elementor-button-wrapper\">\n\t\t\t\t\t<a class=\"elementor-button elementor-button-link elementor-size-sm\" href=\"https:\/\/wa.me\/33669969027\">\n\t\t\t\t\t\t<span class=\"elementor-button-content-wrapper\">\n\t\t\t\t\t\t<span class=\"elementor-button-icon\">\n\t\t\t\t<i aria-hidden=\"true\" class=\"far fa-comment-dots\"><\/i>\t\t\t<\/span>\n\t\t\t\t\t\t\t\t\t<span class=\"elementor-button-text\">Mon WhatsApp<\/span>\n\t\t\t\t\t<\/span>\n\t\t\t\t\t<\/a>\n\t\t\t\t<\/div>\n\t\t\t\t\t\t\t\t<\/div>\n\t\t\t\t<\/div>\n\t\t\t\t\t<\/div>\n\t\t<\/div>\n\t\t\t\t\t<\/div>\n\t\t<\/section>\n\t\t\t\t<section class=\"elementor-section elementor-top-section elementor-element elementor-element-6e7cb20 elementor-section-boxed elementor-section-height-default elementor-section-height-default\" data-id=\"6e7cb20\" data-element_type=\"section\">\n\t\t\t\t\t\t<div class=\"elementor-container elementor-column-gap-default\">\n\t\t\t\t\t<div class=\"elementor-column elementor-col-100 elementor-top-column elementor-element elementor-element-1780b1e\" data-id=\"1780b1e\" data-element_type=\"column\">\n\t\t\t<div class=\"elementor-widget-wrap elementor-element-populated\">\n\t\t\t\t\t\t<div class=\"elementor-element elementor-element-f43d046 elementor-widget elementor-widget-html\" data-id=\"f43d046\" data-element_type=\"widget\" data-widget_type=\"html.default\">\n\t\t\t\t<div class=\"elementor-widget-container\">\n\t\t\t\t\t<!-- D\u00e9but de widget en ligne Calendly -->\n<div class=\"calendly-inline-widget\" data-url=\"https:\/\/calendly.com\/marianne-autin\/cours-prive-massage\" style=\"min-width:320px;height:700px;\"><\/div>\n<script type=\"text\/javascript\" src=\"https:\/\/assets.calendly.com\/assets\/external\/widget.js\" async><\/script>\n<!-- Fin de widget en ligne Calendly -->\t\t\t\t<\/div>\n\t\t\t\t<\/div>\n\t\t\t\t\t<\/div>\n\t\t<\/div>\n\t\t\t\t\t<\/div>\n\t\t<\/section>\n\t\t\t\t<\/div>\n\t\t","protected":false},"excerpt":{"rendered":"<p>Cours de Yoga priv\u00e9 d&rsquo;1h pour 1 personne 45\u20ac \u00e0 mon domicile \/ 55\u20ac \u00e0 &hellip; <\/p>\n","protected":false},"author":1,"featured_media":0,"parent":0,"menu_order":0,"comment_status":"closed","ping_status":"closed","template":"","meta":{"footnotes":""},"jetpack_sharing_enabled":true,"jetpack-related-posts":[],"_links":{"self":[{"href":"https:\/\/philosophiehealthy.com\/index.php\/wp-json\/wp\/v2\/pages\/3375"}],"collection":[{"href":"https:\/\/philosophiehealthy.com\/index.php\/wp-json\/wp\/v2\/pages"}],"about":[{"href":"https:\/\/philosophiehealthy.com\/index.php\/wp-json\/wp\/v2\/types\/page"}],"author":[{"embeddable":true,"href":"https:\/\/philosophiehealthy.com\/index.php\/wp-json\/wp\/v2\/users\/1"}],"replies":[{"embeddable":true,"href":"https:\/\/philosophiehealthy.com\/index.php\/wp-json\/wp\/v2\/comments?post=3375"}],"version-history":[{"count":28,"href":"https:\/\/philosophiehealthy.com\/index.php\/wp-json\/wp\/v2\/pages\/3375\/revisions"}],"predecessor-version":[{"id":3891,"href":"https:\/\/philosophiehealthy.com\/index.php\/wp-json\/wp\/v2\/pages\/3375\/revisions\/3891"}],"wp:attachment":[{"href":"https:\/\/philosophiehealthy.com\/index.php\/wp-json\/wp\/v2\/media?parent=3375"}],"curies":[{"name":"wp","href":"https:\/\/api.w.org\/{rel}","templated":true}]}}